{"id":1314,"date":"2025-02-26T06:32:08","date_gmt":"2025-02-26T06:32:08","guid":{"rendered":"https:\/\/pocenigate.4futureagency.com\/izdelek\/spodnje-hlace-klasicni-model-rebra\/"},"modified":"2025-03-06T13:53:18","modified_gmt":"2025-03-06T13:53:18","slug":"spodnje-hlace-klasicni-model-rebra","status":"publish","type":"product","link":"https:\/\/pocenigate.4futureagency.com\/en\/product\/spodnje-hlace-klasicni-model-rebra\/","title":{"rendered":"SPODNJE HLA\u010cE KLASI\u010cNI MODEL REBRA"},"content":{"rendered":"<ul>\n<li>\n<p class=\"lead\">\u017denske spodnje hla\u010de Koza so iz 96% bomba\u017ea in 4% elastana Tur\u0161kega proizvajalca<\/p>\n<\/li>\n<li>\n<p class=\"lead\">\u00a0Zelo udobne za nosit<\/p>\n<\/li>\n<li>\n<p class=\"lead\">\u00a0Vi\u0161ji pas in so lepo oprijete, nudijo odli\u010den ob\u010dutek in ne dra\u017eijo ko\u017ee<\/p>\n<\/li>\n<\/ul>","protected":false},"excerpt":{"rendered":"<p>15<\/p>","protected":false},"featured_media":1858,"template":"","meta":[],"product_cat":[17],"product_tag":[],"class_list":{"0":"post-1314","1":"product","2":"type-product","3":"status-publish","4":"has-post-thumbnail","6":"product_cat-zensko-perilo","8":"first","9":"instock","10":"shipping-taxable","11":"purchasable","12":"product-type-variable","13":"add-to-wishlist-before_image"},"_links":{"self":[{"href":"https:\/\/pocenigate.4futureagency.com\/en\/wp-json\/wp\/v2\/product\/1314","targetHints":{"allow":["GET"]}}],"collection":[{"href":"https:\/\/pocenigate.4futureagency.com\/en\/wp-json\/wp\/v2\/product"}],"about":[{"href":"https:\/\/pocenigate.4futureagency.com\/en\/wp-json\/wp\/v2\/types\/product"}],"wp:featuredmedia":[{"embeddable":true,"href":"https:\/\/pocenigate.4futureagency.com\/en\/wp-json\/wp\/v2\/media\/1858"}],"wp:attachment":[{"href":"https:\/\/pocenigate.4futureagency.com\/en\/wp-json\/wp\/v2\/media?parent=1314"}],"wp:term":[{"taxonomy":"product_cat","embeddable":true,"href":"https:\/\/pocenigate.4futureagency.com\/en\/wp-json\/wp\/v2\/product_cat?post=1314"},{"taxonomy":"product_tag","embeddable":true,"href":"https:\/\/pocenigate.4futureagency.com\/en\/wp-json\/wp\/v2\/product_tag?post=1314"}],"curies":[{"name":"wp","href":"https:\/\/api.w.org\/{rel}","templated":true}]}}