{"id":1307,"date":"2025-02-26T06:31:59","date_gmt":"2025-02-26T06:31:59","guid":{"rendered":"https:\/\/pocenigate.4futureagency.com\/izdelek\/spodnje-hlace-klasicni-model-gladke\/"},"modified":"2025-03-06T14:00:43","modified_gmt":"2025-03-06T14:00:43","slug":"spodnje-hlace-klasicni-model-gladke","status":"publish","type":"product","link":"https:\/\/pocenigate.4futureagency.com\/en\/product\/spodnje-hlace-klasicni-model-gladke\/","title":{"rendered":"SPODNJE HLA\u010cE KLASI\u010cNI MODEL GLADKE"},"content":{"rendered":"<ul>\n<li>\n<p class=\"lead\">\u017denske spodnje hla\u010de &#8220;Koza&#8221; , iz 100% bomba\u017ea\u00a0 tur\u0161kega proizvajalca<\/p>\n<\/li>\n<li>\n<p class=\"lead\">Zelo udobne za nosit<\/p>\n<\/li>\n<li>\n<p class=\"lead\">Vi\u0161ji pas,\u00a0 lepo oprijete<\/p>\n<\/li>\n<li>\n<p class=\"lead\">Ne dra\u017eijo ko\u017ee<\/p>\n<\/li>\n<li>\n<p class=\"lead\">Razli\u010dni vzorci<\/p>\n<\/li>\n<li>\n<p class=\"lead\">Mo\u017enost pranja na 95\u00b0<\/p>\n<\/li>\n<\/ul>","protected":false},"excerpt":{"rendered":"<p>13<\/p>","protected":false},"featured_media":1866,"template":"","meta":[],"product_cat":[17],"product_tag":[],"class_list":{"0":"post-1307","1":"product","2":"type-product","3":"status-publish","4":"has-post-thumbnail","6":"product_cat-zensko-perilo","8":"first","9":"instock","10":"shipping-taxable","11":"purchasable","12":"product-type-variable","13":"add-to-wishlist-before_image"},"_links":{"self":[{"href":"https:\/\/pocenigate.4futureagency.com\/en\/wp-json\/wp\/v2\/product\/1307","targetHints":{"allow":["GET"]}}],"collection":[{"href":"https:\/\/pocenigate.4futureagency.com\/en\/wp-json\/wp\/v2\/product"}],"about":[{"href":"https:\/\/pocenigate.4futureagency.com\/en\/wp-json\/wp\/v2\/types\/product"}],"wp:featuredmedia":[{"embeddable":true,"href":"https:\/\/pocenigate.4futureagency.com\/en\/wp-json\/wp\/v2\/media\/1866"}],"wp:attachment":[{"href":"https:\/\/pocenigate.4futureagency.com\/en\/wp-json\/wp\/v2\/media?parent=1307"}],"wp:term":[{"taxonomy":"product_cat","embeddable":true,"href":"https:\/\/pocenigate.4futureagency.com\/en\/wp-json\/wp\/v2\/product_cat?post=1307"},{"taxonomy":"product_tag","embeddable":true,"href":"https:\/\/pocenigate.4futureagency.com\/en\/wp-json\/wp\/v2\/product_tag?post=1307"}],"curies":[{"name":"wp","href":"https:\/\/api.w.org\/{rel}","templated":true}]}}