{"id":1305,"date":"2025-02-26T06:31:57","date_gmt":"2025-02-26T06:31:57","guid":{"rendered":"https:\/\/pocenigate.4futureagency.com\/izdelek\/zenske-hlacke-yutu-no-2570\/"},"modified":"2025-03-06T13:59:32","modified_gmt":"2025-03-06T13:59:32","slug":"zenske-hlacke-yutu-no-2570","status":"publish","type":"product","link":"https:\/\/pocenigate.4futureagency.com\/en\/product\/zenske-hlacke-yutu-no-2570\/","title":{"rendered":"\u017dENSKE HLA\u010cKE YUTU\/NO.2570"},"content":{"rendered":"<ul style=\"font-weight: 400\">\n<li>Pisano spodnje hla\u010dke \u017eivahnih in raznolikih barv ter kvalitetnega bomba\u017ea<\/li>\n<li>Mehke na dotik, udobne za no\u0161enje<\/li>\n<li>Neopazne pod oprijetimi obla\u010dili<\/li>\n<\/ul>","protected":false},"excerpt":{"rendered":"<p>54<\/p>","protected":false},"featured_media":1869,"template":"","meta":[],"product_cat":[17],"product_tag":[],"class_list":{"0":"post-1305","1":"product","2":"type-product","3":"status-publish","4":"has-post-thumbnail","6":"product_cat-zensko-perilo","8":"first","9":"instock","10":"shipping-taxable","11":"purchasable","12":"product-type-variable","13":"add-to-wishlist-before_image"},"_links":{"self":[{"href":"https:\/\/pocenigate.4futureagency.com\/en\/wp-json\/wp\/v2\/product\/1305","targetHints":{"allow":["GET"]}}],"collection":[{"href":"https:\/\/pocenigate.4futureagency.com\/en\/wp-json\/wp\/v2\/product"}],"about":[{"href":"https:\/\/pocenigate.4futureagency.com\/en\/wp-json\/wp\/v2\/types\/product"}],"wp:featuredmedia":[{"embeddable":true,"href":"https:\/\/pocenigate.4futureagency.com\/en\/wp-json\/wp\/v2\/media\/1869"}],"wp:attachment":[{"href":"https:\/\/pocenigate.4futureagency.com\/en\/wp-json\/wp\/v2\/media?parent=1305"}],"wp:term":[{"taxonomy":"product_cat","embeddable":true,"href":"https:\/\/pocenigate.4futureagency.com\/en\/wp-json\/wp\/v2\/product_cat?post=1305"},{"taxonomy":"product_tag","embeddable":true,"href":"https:\/\/pocenigate.4futureagency.com\/en\/wp-json\/wp\/v2\/product_tag?post=1305"}],"curies":[{"name":"wp","href":"https:\/\/api.w.org\/{rel}","templated":true}]}}