{"id":1304,"date":"2025-02-26T06:31:56","date_gmt":"2025-02-26T06:31:56","guid":{"rendered":"https:\/\/pocenigate.4futureagency.com\/izdelek\/sportni-nedrcki\/"},"modified":"2025-03-06T13:55:47","modified_gmt":"2025-03-06T13:55:47","slug":"sportni-nedrcki","status":"publish","type":"product","link":"https:\/\/pocenigate.4futureagency.com\/en\/product\/sportni-nedrcki\/","title":{"rendered":"\u0160PORTNI NEDR\u010cKI"},"content":{"rendered":"<p class=\"lead\">\u0160portni nedr\u010dek je u\u010dinkovit \u017eenski \u0161portni nedr\u010dek, ki med aktivnostmi ponuja izdatno mero opore. Izdelan je iz materiala, ki se hitro su\u0161i in dobro odvaja vlago. Opremljen je s \u0161irokimi naramnicami. Na sprednjem delu pa je okra\u0161en z elastiko.\u00a0Blago je pro\u017eno, kroj pa nudi popolno mobilnost zgornjega dela telesa. Material, raztegljiv v dve smeri, poskrbi za enostavno premikanje in veliko udobja. Obla\u010dilo vas ne ovira pri gibanju, tako da se lahko popolnoma osredoto\u010dite na \u0161port in v njem zares u\u017eivate.\u00a0Na voljo v razli\u010dnih barvnih kombinacijah.<\/p>\n<ul>\n<li>\n<p class=\"lead\">\u0160portni nedr\u010dek za manj intenzivne \u0161portne aktivnosti.<\/p>\n<\/li>\n<li>\n<p class=\"lead\">Modernega \u017eenstvenega dizajna<\/p>\n<\/li>\n<li>\n<p class=\"lead\">Zelo prijeten za ko\u017eo in udoben.<\/p>\n<\/li>\n<li>\n<p class=\"lead\">Iz pro\u017enega materiala.<\/p>\n<\/li>\n<li>\n<p class=\"lead\">Ima naramnice in elastiko spodaj za odli\u010dno prilagajane telesu.<\/p>\n<\/li>\n<\/ul>","protected":false},"excerpt":{"rendered":"<p>34<\/p>","protected":false},"featured_media":1873,"template":"","meta":[],"product_cat":[17],"product_tag":[],"class_list":{"0":"post-1304","1":"product","2":"type-product","3":"status-publish","4":"has-post-thumbnail","6":"product_cat-zensko-perilo","8":"first","9":"instock","10":"shipping-taxable","11":"purchasable","12":"product-type-variable","13":"add-to-wishlist-before_image"},"_links":{"self":[{"href":"https:\/\/pocenigate.4futureagency.com\/en\/wp-json\/wp\/v2\/product\/1304","targetHints":{"allow":["GET"]}}],"collection":[{"href":"https:\/\/pocenigate.4futureagency.com\/en\/wp-json\/wp\/v2\/product"}],"about":[{"href":"https:\/\/pocenigate.4futureagency.com\/en\/wp-json\/wp\/v2\/types\/product"}],"wp:featuredmedia":[{"embeddable":true,"href":"https:\/\/pocenigate.4futureagency.com\/en\/wp-json\/wp\/v2\/media\/1873"}],"wp:attachment":[{"href":"https:\/\/pocenigate.4futureagency.com\/en\/wp-json\/wp\/v2\/media?parent=1304"}],"wp:term":[{"taxonomy":"product_cat","embeddable":true,"href":"https:\/\/pocenigate.4futureagency.com\/en\/wp-json\/wp\/v2\/product_cat?post=1304"},{"taxonomy":"product_tag","embeddable":true,"href":"https:\/\/pocenigate.4futureagency.com\/en\/wp-json\/wp\/v2\/product_tag?post=1304"}],"curies":[{"name":"wp","href":"https:\/\/api.w.org\/{rel}","templated":true}]}}