{"id":1298,"date":"2025-02-26T06:31:50","date_gmt":"2025-02-26T06:31:50","guid":{"rendered":"https:\/\/pocenigate.4futureagency.com\/izdelek\/zenske-hlacke-yutu-nof6109\/"},"modified":"2025-03-06T14:00:41","modified_gmt":"2025-03-06T14:00:41","slug":"zenske-hlacke-yutu-nof6109","status":"publish","type":"product","link":"https:\/\/pocenigate.4futureagency.com\/en\/product\/zenske-hlacke-yutu-nof6109\/","title":{"rendered":"\u017dENSKE  HLA\u010cKE YUTU\/NOF6109"},"content":{"rendered":"<ul style=\"font-weight: 400\">\n<li>Pisano spodnje hla\u010dke \u017eivahnih in raznolikih barv ter kvalitetnega bomba\u017ea<\/li>\n<li>Mehke na dotik, udobne za no\u0161enje<\/li>\n<li>Neopazne pod oprijetimi obla\u010dili<\/li>\n<\/ul>","protected":false},"excerpt":{"rendered":"<p>50<\/p>","protected":false},"featured_media":1883,"template":"","meta":[],"product_cat":[17],"product_tag":[],"class_list":{"0":"post-1298","1":"product","2":"type-product","3":"status-publish","4":"has-post-thumbnail","6":"product_cat-zensko-perilo","8":"first","9":"instock","10":"shipping-taxable","11":"purchasable","12":"product-type-variable","13":"add-to-wishlist-before_image"},"_links":{"self":[{"href":"https:\/\/pocenigate.4futureagency.com\/en\/wp-json\/wp\/v2\/product\/1298","targetHints":{"allow":["GET"]}}],"collection":[{"href":"https:\/\/pocenigate.4futureagency.com\/en\/wp-json\/wp\/v2\/product"}],"about":[{"href":"https:\/\/pocenigate.4futureagency.com\/en\/wp-json\/wp\/v2\/types\/product"}],"wp:featuredmedia":[{"embeddable":true,"href":"https:\/\/pocenigate.4futureagency.com\/en\/wp-json\/wp\/v2\/media\/1883"}],"wp:attachment":[{"href":"https:\/\/pocenigate.4futureagency.com\/en\/wp-json\/wp\/v2\/media?parent=1298"}],"wp:term":[{"taxonomy":"product_cat","embeddable":true,"href":"https:\/\/pocenigate.4futureagency.com\/en\/wp-json\/wp\/v2\/product_cat?post=1298"},{"taxonomy":"product_tag","embeddable":true,"href":"https:\/\/pocenigate.4futureagency.com\/en\/wp-json\/wp\/v2\/product_tag?post=1298"}],"curies":[{"name":"wp","href":"https:\/\/api.w.org\/{rel}","templated":true}]}}