{"id":1297,"date":"2025-02-26T06:31:49","date_gmt":"2025-02-26T06:31:49","guid":{"rendered":"https:\/\/pocenigate.4futureagency.com\/izdelek\/zenske-hlacke-yutu-crstaste-no-hc03-1\/"},"modified":"2025-03-06T14:00:12","modified_gmt":"2025-03-06T14:00:12","slug":"zenske-hlacke-yutu-crstaste-no-hc03-1","status":"publish","type":"product","link":"https:\/\/pocenigate.4futureagency.com\/en\/product\/zenske-hlacke-yutu-crstaste-no-hc03-1\/","title":{"rendered":"\u017dENSKE HLA\u010cKE YUTU \u010cRSTASTE NO.HC03-1"},"content":{"rendered":"<ul>\n<li>\n<p class=\"lead\">Hla\u010dke YUTU so 95% bomba\u017ea in 5 % elastana<\/p>\n<\/li>\n<li>\n<p class=\"lead\">Klasi\u010den kroj<\/p>\n<\/li>\n<li>\n<p class=\"lead\">Visok, udoben pas<\/p>\n<\/li>\n<li>\n<p class=\"lead\">Na voljo v ve\u010d razli\u010dnih barvah<\/p>\n<\/li>\n<\/ul>","protected":false},"excerpt":{"rendered":"<p>45<\/p>","protected":false},"featured_media":1884,"template":"","meta":[],"product_cat":[17],"product_tag":[],"class_list":{"0":"post-1297","1":"product","2":"type-product","3":"status-publish","4":"has-post-thumbnail","6":"product_cat-zensko-perilo","8":"first","9":"instock","10":"shipping-taxable","11":"purchasable","12":"product-type-variable","13":"add-to-wishlist-before_image"},"_links":{"self":[{"href":"https:\/\/pocenigate.4futureagency.com\/en\/wp-json\/wp\/v2\/product\/1297","targetHints":{"allow":["GET"]}}],"collection":[{"href":"https:\/\/pocenigate.4futureagency.com\/en\/wp-json\/wp\/v2\/product"}],"about":[{"href":"https:\/\/pocenigate.4futureagency.com\/en\/wp-json\/wp\/v2\/types\/product"}],"wp:featuredmedia":[{"embeddable":true,"href":"https:\/\/pocenigate.4futureagency.com\/en\/wp-json\/wp\/v2\/media\/1884"}],"wp:attachment":[{"href":"https:\/\/pocenigate.4futureagency.com\/en\/wp-json\/wp\/v2\/media?parent=1297"}],"wp:term":[{"taxonomy":"product_cat","embeddable":true,"href":"https:\/\/pocenigate.4futureagency.com\/en\/wp-json\/wp\/v2\/product_cat?post=1297"},{"taxonomy":"product_tag","embeddable":true,"href":"https:\/\/pocenigate.4futureagency.com\/en\/wp-json\/wp\/v2\/product_tag?post=1297"}],"curies":[{"name":"wp","href":"https:\/\/api.w.org\/{rel}","templated":true}]}}