{"id":1296,"date":"2025-02-26T06:31:48","date_gmt":"2025-02-26T06:31:48","guid":{"rendered":"https:\/\/pocenigate.4futureagency.com\/izdelek\/sportni-nedrcek-42kom-gratis\/"},"modified":"2025-03-06T13:55:53","modified_gmt":"2025-03-06T13:55:53","slug":"sportni-nedrcek-42kom-gratis","status":"publish","type":"product","link":"https:\/\/pocenigate.4futureagency.com\/en\/product\/sportni-nedrcek-42kom-gratis\/","title":{"rendered":"\u0160PORTNI NEDR\u010cEK 4+2KOM GRATIS"},"content":{"rendered":"<ul>\n<li>\u0160portni nedr\u010dek za razli\u010dne \u0161portne aktivnosti.<\/li>\n<li>Modernega dizajna za sodobne aktivne \u017eenske.<\/li>\n<li>Zelo prijeten za ko\u017eo in udoben.<\/li>\n<li>Ima prilagodljive naramnice in elastiko spodaj za odli\u010dno prilagajanje telesu.<\/li>\n<li>U\u010dinkovito odvaja odve\u010dno vlago.<\/li>\n<\/ul>","protected":false},"excerpt":{"rendered":"<p>79<\/p>","protected":false},"featured_media":1873,"template":"","meta":[],"product_cat":[17],"product_tag":[],"class_list":{"0":"post-1296","1":"product","2":"type-product","3":"status-publish","4":"has-post-thumbnail","6":"product_cat-zensko-perilo","8":"first","9":"instock","10":"shipping-taxable","11":"purchasable","12":"product-type-variable","13":"add-to-wishlist-before_image"},"_links":{"self":[{"href":"https:\/\/pocenigate.4futureagency.com\/en\/wp-json\/wp\/v2\/product\/1296","targetHints":{"allow":["GET"]}}],"collection":[{"href":"https:\/\/pocenigate.4futureagency.com\/en\/wp-json\/wp\/v2\/product"}],"about":[{"href":"https:\/\/pocenigate.4futureagency.com\/en\/wp-json\/wp\/v2\/types\/product"}],"wp:featuredmedia":[{"embeddable":true,"href":"https:\/\/pocenigate.4futureagency.com\/en\/wp-json\/wp\/v2\/media\/1873"}],"wp:attachment":[{"href":"https:\/\/pocenigate.4futureagency.com\/en\/wp-json\/wp\/v2\/media?parent=1296"}],"wp:term":[{"taxonomy":"product_cat","embeddable":true,"href":"https:\/\/pocenigate.4futureagency.com\/en\/wp-json\/wp\/v2\/product_cat?post=1296"},{"taxonomy":"product_tag","embeddable":true,"href":"https:\/\/pocenigate.4futureagency.com\/en\/wp-json\/wp\/v2\/product_tag?post=1296"}],"curies":[{"name":"wp","href":"https:\/\/api.w.org\/{rel}","templated":true}]}}