{"id":1294,"date":"2025-02-26T06:31:46","date_gmt":"2025-02-26T06:31:46","guid":{"rendered":"https:\/\/pocenigate.4futureagency.com\/izdelek\/moske-boxarice-enobarvne\/"},"modified":"2025-03-06T13:56:18","modified_gmt":"2025-03-06T13:56:18","slug":"moske-boxarice-enobarvne","status":"publish","type":"product","link":"https:\/\/pocenigate.4futureagency.com\/en\/product\/moske-boxarice-enobarvne\/","title":{"rendered":"MO\u0160KE BOXARICE ENOBARVNE"},"content":{"rendered":"<ul>\n<li>\n<p class=\"lead\">\u00a0Boksarice so izdelane iz 95% bomba\u017ea in 5% elastana<\/p>\n<\/li>\n<li>\n<p class=\"lead\">\u00a0So moderne za nosit, zelo udobne, telirane ob ko\u017ei in ustvarijo odli\u010den ob\u010dutek<\/p>\n<\/li>\n<li>\n<p class=\"lead\">\u00a0ne dra\u017eijo ko\u017ee, elastika se lepo oprime in ni premo\u010dna<\/p>\n<\/li>\n<li>\n<p class=\"lead\">so na voljo v \u0161tirih\u00a0 razli\u010dnih barvah (\u010drna, temno modra, siva, bela)<\/p>\n<\/li>\n<\/ul>","protected":false},"excerpt":{"rendered":"<p>4<\/p>","protected":false},"featured_media":1924,"template":"","meta":[],"product_cat":[16],"product_tag":[],"class_list":{"0":"post-1294","1":"product","2":"type-product","3":"status-publish","4":"has-post-thumbnail","6":"product_cat-mosko-perilo","8":"first","9":"instock","10":"shipping-taxable","11":"purchasable","12":"product-type-variable","13":"add-to-wishlist-before_image"},"_links":{"self":[{"href":"https:\/\/pocenigate.4futureagency.com\/en\/wp-json\/wp\/v2\/product\/1294","targetHints":{"allow":["GET"]}}],"collection":[{"href":"https:\/\/pocenigate.4futureagency.com\/en\/wp-json\/wp\/v2\/product"}],"about":[{"href":"https:\/\/pocenigate.4futureagency.com\/en\/wp-json\/wp\/v2\/types\/product"}],"wp:featuredmedia":[{"embeddable":true,"href":"https:\/\/pocenigate.4futureagency.com\/en\/wp-json\/wp\/v2\/media\/1924"}],"wp:attachment":[{"href":"https:\/\/pocenigate.4futureagency.com\/en\/wp-json\/wp\/v2\/media?parent=1294"}],"wp:term":[{"taxonomy":"product_cat","embeddable":true,"href":"https:\/\/pocenigate.4futureagency.com\/en\/wp-json\/wp\/v2\/product_cat?post=1294"},{"taxonomy":"product_tag","embeddable":true,"href":"https:\/\/pocenigate.4futureagency.com\/en\/wp-json\/wp\/v2\/product_tag?post=1294"}],"curies":[{"name":"wp","href":"https:\/\/api.w.org\/{rel}","templated":true}]}}