{"id":1287,"date":"2025-02-26T06:31:39","date_gmt":"2025-02-26T06:31:39","guid":{"rendered":"https:\/\/pocenigate.4futureagency.com\/izdelek\/devic-moske-spodnje-hlace-klasika\/"},"modified":"2025-03-06T13:54:06","modified_gmt":"2025-03-06T13:54:06","slug":"devic-moske-spodnje-hlace-klasika","status":"publish","type":"product","link":"https:\/\/pocenigate.4futureagency.com\/en\/product\/devic-moske-spodnje-hlace-klasika\/","title":{"rendered":"DEVI\u0106 MO\u0160KE SPODNJE HLA\u010cE KLASIKA"},"content":{"rendered":"<ul>\n<li>\n<p class=\"lead\">\u00a0Mo\u0161ke spodnje hla\u010de z razporkom,\u00a0 iz 100% bomba\u017ea<\/p>\n<\/li>\n<li>\n<p class=\"lead\">\u00a0Navaden klasi\u010den kroj, rebrast ali gladek model<\/p>\n<\/li>\n<li>\n<p class=\"lead\">\u00a0Mo\u017enost menjave elastike<\/p>\n<\/li>\n<\/ul>","protected":false},"excerpt":{"rendered":"<p>24<\/p>","protected":false},"featured_media":1934,"template":"","meta":[],"product_cat":[16],"product_tag":[],"class_list":{"0":"post-1287","1":"product","2":"type-product","3":"status-publish","4":"has-post-thumbnail","6":"product_cat-mosko-perilo","8":"first","9":"instock","10":"shipping-taxable","11":"purchasable","12":"product-type-variable","13":"add-to-wishlist-before_image"},"_links":{"self":[{"href":"https:\/\/pocenigate.4futureagency.com\/en\/wp-json\/wp\/v2\/product\/1287","targetHints":{"allow":["GET"]}}],"collection":[{"href":"https:\/\/pocenigate.4futureagency.com\/en\/wp-json\/wp\/v2\/product"}],"about":[{"href":"https:\/\/pocenigate.4futureagency.com\/en\/wp-json\/wp\/v2\/types\/product"}],"wp:featuredmedia":[{"embeddable":true,"href":"https:\/\/pocenigate.4futureagency.com\/en\/wp-json\/wp\/v2\/media\/1934"}],"wp:attachment":[{"href":"https:\/\/pocenigate.4futureagency.com\/en\/wp-json\/wp\/v2\/media?parent=1287"}],"wp:term":[{"taxonomy":"product_cat","embeddable":true,"href":"https:\/\/pocenigate.4futureagency.com\/en\/wp-json\/wp\/v2\/product_cat?post=1287"},{"taxonomy":"product_tag","embeddable":true,"href":"https:\/\/pocenigate.4futureagency.com\/en\/wp-json\/wp\/v2\/product_tag?post=1287"}],"curies":[{"name":"wp","href":"https:\/\/api.w.org\/{rel}","templated":true}]}}