{"id":1281,"date":"2025-02-26T06:31:33","date_gmt":"2025-02-26T06:31:33","guid":{"rendered":"https:\/\/pocenigate.4futureagency.com\/izdelek\/zenske-halcke-yutu-no-6683b\/"},"modified":"2025-03-06T13:58:15","modified_gmt":"2025-03-06T13:58:15","slug":"zenske-halcke-yutu-no-6683b","status":"publish","type":"product","link":"https:\/\/pocenigate.4futureagency.com\/en\/product\/zenske-halcke-yutu-no-6683b\/","title":{"rendered":"\u017dENSKE HAL\u010cKE YUTU\/NO.6683B"},"content":{"rendered":"<ul>\n<li style=\"font-weight: 400\">Klasi\u010dna bela barva spodnjih hla\u010dk, potiskana s svetlimi vzorci, ki jim dajejo pridih elegance in ne\u017enosti<\/li>\n<li style=\"font-weight: 400\">Eleganca in udobje<\/li>\n<li style=\"font-weight: 400\">Prijetno in lahkotno za no\u0161enje za vse prilo\u017enost<\/li>\n<li style=\"font-weight: 400\">Mo\u017enost pranja na 95\u00b0C<\/li>\n<\/ul>\n<p style=\"font-weight: 400\">","protected":false},"excerpt":{"rendered":"<p>51<\/p>","protected":false},"featured_media":1943,"template":"","meta":[],"product_cat":[17],"product_tag":[],"class_list":{"0":"post-1281","1":"product","2":"type-product","3":"status-publish","4":"has-post-thumbnail","6":"product_cat-zensko-perilo","8":"first","9":"instock","10":"shipping-taxable","11":"purchasable","12":"product-type-variable","13":"add-to-wishlist-before_image"},"_links":{"self":[{"href":"https:\/\/pocenigate.4futureagency.com\/en\/wp-json\/wp\/v2\/product\/1281","targetHints":{"allow":["GET"]}}],"collection":[{"href":"https:\/\/pocenigate.4futureagency.com\/en\/wp-json\/wp\/v2\/product"}],"about":[{"href":"https:\/\/pocenigate.4futureagency.com\/en\/wp-json\/wp\/v2\/types\/product"}],"wp:featuredmedia":[{"embeddable":true,"href":"https:\/\/pocenigate.4futureagency.com\/en\/wp-json\/wp\/v2\/media\/1943"}],"wp:attachment":[{"href":"https:\/\/pocenigate.4futureagency.com\/en\/wp-json\/wp\/v2\/media?parent=1281"}],"wp:term":[{"taxonomy":"product_cat","embeddable":true,"href":"https:\/\/pocenigate.4futureagency.com\/en\/wp-json\/wp\/v2\/product_cat?post=1281"},{"taxonomy":"product_tag","embeddable":true,"href":"https:\/\/pocenigate.4futureagency.com\/en\/wp-json\/wp\/v2\/product_tag?post=1281"}],"curies":[{"name":"wp","href":"https:\/\/api.w.org\/{rel}","templated":true}]}}