{"id":1279,"date":"2025-02-26T06:31:31","date_gmt":"2025-02-26T06:31:31","guid":{"rendered":"https:\/\/pocenigate.4futureagency.com\/izdelek\/devic-zenske-spodnje-hlace-klasika\/"},"modified":"2025-03-06T13:52:35","modified_gmt":"2025-03-06T13:52:35","slug":"devic-zenske-spodnje-hlace-klasika","status":"publish","type":"product","link":"https:\/\/pocenigate.4futureagency.com\/en\/product\/devic-zenske-spodnje-hlace-klasika\/","title":{"rendered":"DEVI\u0106 \u017dENSKE SPODNJE HLA\u010cE KLASIKA"},"content":{"rendered":"<ul>\n<li>\n<p class=\"lead\">100 % bomba\u017e<\/p>\n<\/li>\n<li>\n<p class=\"lead\">Zelo udobne za no\u0161enje<\/p>\n<\/li>\n<li>\n<p class=\"lead\">Mo\u017enost menjave elastike<\/p>\n<\/li>\n<\/ul>","protected":false},"excerpt":{"rendered":"<p>25<\/p>","protected":false},"featured_media":1855,"template":"","meta":[],"product_cat":[17],"product_tag":[],"class_list":{"0":"post-1279","1":"product","2":"type-product","3":"status-publish","4":"has-post-thumbnail","6":"product_cat-zensko-perilo","8":"first","9":"instock","10":"shipping-taxable","11":"purchasable","12":"product-type-variable","13":"add-to-wishlist-before_image"},"_links":{"self":[{"href":"https:\/\/pocenigate.4futureagency.com\/en\/wp-json\/wp\/v2\/product\/1279","targetHints":{"allow":["GET"]}}],"collection":[{"href":"https:\/\/pocenigate.4futureagency.com\/en\/wp-json\/wp\/v2\/product"}],"about":[{"href":"https:\/\/pocenigate.4futureagency.com\/en\/wp-json\/wp\/v2\/types\/product"}],"wp:featuredmedia":[{"embeddable":true,"href":"https:\/\/pocenigate.4futureagency.com\/en\/wp-json\/wp\/v2\/media\/1855"}],"wp:attachment":[{"href":"https:\/\/pocenigate.4futureagency.com\/en\/wp-json\/wp\/v2\/media?parent=1279"}],"wp:term":[{"taxonomy":"product_cat","embeddable":true,"href":"https:\/\/pocenigate.4futureagency.com\/en\/wp-json\/wp\/v2\/product_cat?post=1279"},{"taxonomy":"product_tag","embeddable":true,"href":"https:\/\/pocenigate.4futureagency.com\/en\/wp-json\/wp\/v2\/product_tag?post=1279"}],"curies":[{"name":"wp","href":"https:\/\/api.w.org\/{rel}","templated":true}]}}