{"id":1065,"date":"2025-02-20T18:39:03","date_gmt":"2025-02-20T18:39:03","guid":{"rendered":"https:\/\/pocenigate.4futureagency.com\/?page_id=1065"},"modified":"2025-02-20T19:21:25","modified_gmt":"2025-02-20T19:21:25","slug":"blog","status":"publish","type":"page","link":"https:\/\/pocenigate.4futureagency.com\/en\/blog\/","title":{"rendered":"Blog"},"content":{"rendered":"<section class=\"bde-section-1065-105 bde-section\">\n  \n\t\n\n\n\n<div class=\"section-container\"><\/div>\n<\/section><section class=\"bde-section-1065-100 bde-section\">\n  \n\t\n\n\n\n<div class=\"section-container\"><h2 class=\"bde-heading-1065-101 bde-heading\">\nBlog\n<\/h2><div class=\"bde-post-loop-1065-104 bde-post-loop\">\n<div class=\"ee-posts ee-posts-grid\">    <article class=\"ee-post\">\n        <div class=\"bde-div-137-107-135-137-1 bde-div bde-div-137-107\">\n  \n\t\n\n\n\n<a class=\"bde-container-link-137-106-135-137-1 bde-container-link bde-container-link-137-106 breakdance-link\" href=\"https:\/\/pocenigate.4futureagency.com\/en\/mosko-spodnje-perilo-boksarice-ali-slipi\/\" target=\"_self\" data-type=\"url\">\n  \n\t\n\n\n\n<img decoding=\"async\" class=\"bde-image2-137-100-135-137-1 bde-image2 bde-image2-137-100\" src=\"https:\/\/pocenigate.4futureagency.com\/wp-content\/uploads\/2024\/12\/man-wearing-gray-boxers_11zon-scaled.jpg\" loading=\"lazy\" srcset=\"https:\/\/pocenigate.4futureagency.com\/wp-content\/uploads\/2024\/12\/man-wearing-gray-boxers_11zon-scaled.jpg 2560w, https:\/\/pocenigate.4futureagency.com\/wp-content\/uploads\/2024\/12\/man-wearing-gray-boxers_11zon-300x200.jpg 300w, https:\/\/pocenigate.4futureagency.com\/wp-content\/uploads\/2024\/12\/man-wearing-gray-boxers_11zon-1024x683.jpg 1024w, https:\/\/pocenigate.4futureagency.com\/wp-content\/uploads\/2024\/12\/man-wearing-gray-boxers_11zon-768x512.jpg 768w, https:\/\/pocenigate.4futureagency.com\/wp-content\/uploads\/2024\/12\/man-wearing-gray-boxers_11zon-1536x1025.jpg 1536w, https:\/\/pocenigate.4futureagency.com\/wp-content\/uploads\/2024\/12\/man-wearing-gray-boxers_11zon-2048x1366.jpg 2048w, https:\/\/pocenigate.4futureagency.com\/wp-content\/uploads\/2024\/12\/man-wearing-gray-boxers_11zon-18x12.jpg 18w, https:\/\/pocenigate.4futureagency.com\/wp-content\/uploads\/2024\/12\/man-wearing-gray-boxers_11zon-600x400.jpg 600w, https:\/\/pocenigate.4futureagency.com\/wp-content\/uploads\/2024\/12\/man-wearing-gray-boxers_11zon-64x43.jpg 64w\" sizes=\"(max-width: 2560px) 100vw, 2560px\"><\/img>\n\n<\/a><div class=\"bde-div-137-101-135-137-1 bde-div bde-div-137-101\">\n  \n\t\n\n\n\n<ul class=\"bde-post-meta-137-102-135-137-1 bde-post-meta bde-post-meta-137-102\">\n            <li class=\"ee-postmeta-date-wrap\">\n                                                        <span class=\"ee-postmeta-date\">18. 12. 24<\/span>\n                                <\/li>\n            \n<\/ul><h2 class=\"bde-heading-137-103-135-137-1 bde-heading bde-heading-137-103\">\nMo\u0161ko spodnje perilo: boksarice ali slipi?\n<\/h2><div class=\"bde-text-137-104-135-137-1 bde-text bde-text-137-104\">\nVsak mo\u0161ki ima svoje preference pri izbiri spodnjega perila, a pogosto se poraja vpra\u0161anje \u2013 bokseri...\n<\/div><div class=\"bde-button-137-105-135-137-1 bde-button bde-button-137-105\">\n    \n                                    \n    \n    \n    \n    \n            \n                    \n            \n            \n\n    \n    \n    \n    \n    \n    <a class=\"breakdance-link button-atom button-atom--text bde-button__button\" href=\"https:\/\/pocenigate.4futureagency.com\/en\/mosko-spodnje-perilo-boksarice-ali-slipi\/\" target=\"_self\" data-type=\"url\"  >\n\n    \n        <span class=\"button-atom__text\">Preberi ve\u010d<\/span>\n\n        \n                    \n    <span class=\"button-atom__icon-wrapper\">\n\n        \n            <svg class=\"un-arrow-icon\" width=\"10\" height=\"10\" viewbox=\"0 0 10 10\" aria-hidden=\"true\">\n                <g fill-rule=\"evenodd\">\n                    <path class=\"un-arrow-icon_arrow\" d=\"M1 1l4 4-4 4\"><\/path>\n                <\/g>\n            <\/svg>\n\n        \n    <\/span>\n\n\n        \n                <\/a>\n\n    \n\n\n<\/div>\n<\/div>\n<\/div>    <\/article>\n    <article class=\"ee-post\">\n        <div class=\"bde-div-137-107-134-137-1 bde-div bde-div-137-107\">\n  \n\t\n\n\n\n<a class=\"bde-container-link-137-106-134-137-1 bde-container-link bde-container-link-137-106 breakdance-link\" href=\"https:\/\/pocenigate.4futureagency.com\/en\/kako-izbrati-popolne-spodnjice\/\" target=\"_self\" data-type=\"url\">\n  \n\t\n\n\n\n<img decoding=\"async\" class=\"bde-image2-137-100-134-137-1 bde-image2 bde-image2-137-100\" src=\"https:\/\/pocenigate.4futureagency.com\/wp-content\/uploads\/2024\/12\/close-up-underwear-classification_11zon1-scaled.jpg\" loading=\"lazy\" srcset=\"https:\/\/pocenigate.4futureagency.com\/wp-content\/uploads\/2024\/12\/close-up-underwear-classification_11zon1-scaled.jpg 2560w, https:\/\/pocenigate.4futureagency.com\/wp-content\/uploads\/2024\/12\/close-up-underwear-classification_11zon1-300x200.jpg 300w, https:\/\/pocenigate.4futureagency.com\/wp-content\/uploads\/2024\/12\/close-up-underwear-classification_11zon1-1024x681.jpg 1024w, https:\/\/pocenigate.4futureagency.com\/wp-content\/uploads\/2024\/12\/close-up-underwear-classification_11zon1-768x511.jpg 768w, https:\/\/pocenigate.4futureagency.com\/wp-content\/uploads\/2024\/12\/close-up-underwear-classification_11zon1-1536x1022.jpg 1536w, https:\/\/pocenigate.4futureagency.com\/wp-content\/uploads\/2024\/12\/close-up-underwear-classification_11zon1-2048x1362.jpg 2048w, https:\/\/pocenigate.4futureagency.com\/wp-content\/uploads\/2024\/12\/close-up-underwear-classification_11zon1-18x12.jpg 18w, https:\/\/pocenigate.4futureagency.com\/wp-content\/uploads\/2024\/12\/close-up-underwear-classification_11zon1-600x399.jpg 600w, https:\/\/pocenigate.4futureagency.com\/wp-content\/uploads\/2024\/12\/close-up-underwear-classification_11zon1-64x43.jpg 64w\" sizes=\"(max-width: 2560px) 100vw, 2560px\"><\/img>\n\n<\/a><div class=\"bde-div-137-101-134-137-1 bde-div bde-div-137-101\">\n  \n\t\n\n\n\n<ul class=\"bde-post-meta-137-102-134-137-1 bde-post-meta bde-post-meta-137-102\">\n            <li class=\"ee-postmeta-date-wrap\">\n                                                        <span class=\"ee-postmeta-date\">18. 12. 24<\/span>\n                                <\/li>\n            \n<\/ul><h2 class=\"bde-heading-137-103-134-137-1 bde-heading bde-heading-137-103\">\nKako izbrati popolne spodnjice za vsak dan?\n<\/h2><div class=\"bde-text-137-104-134-137-1 bde-text bde-text-137-104\">\nSpodnje perilo je prvi kos obla\u010dila, ki ga nadenemo vsako jutro, zato mora biti udobno, zra\u010dno in pr...\n<\/div><div class=\"bde-button-137-105-134-137-1 bde-button bde-button-137-105\">\n    \n                                    \n    \n    \n    \n    \n            \n                    \n            \n            \n\n    \n    \n    \n    \n    \n    <a class=\"breakdance-link button-atom button-atom--text bde-button__button\" href=\"https:\/\/pocenigate.4futureagency.com\/en\/kako-izbrati-popolne-spodnjice\/\" target=\"_self\" data-type=\"url\"  >\n\n    \n        <span class=\"button-atom__text\">Preberi ve\u010d<\/span>\n\n        \n                    \n    <span class=\"button-atom__icon-wrapper\">\n\n        \n            <svg class=\"un-arrow-icon\" width=\"10\" height=\"10\" viewbox=\"0 0 10 10\" aria-hidden=\"true\">\n                <g fill-rule=\"evenodd\">\n                    <path class=\"un-arrow-icon_arrow\" d=\"M1 1l4 4-4 4\"><\/path>\n                <\/g>\n            <\/svg>\n\n        \n    <\/span>\n\n\n        \n                <\/a>\n\n    \n\n\n<\/div>\n<\/div>\n<\/div>    <\/article>\n    <article class=\"ee-post\">\n        <div class=\"bde-div-137-107-1-137-1 bde-div bde-div-137-107\">\n  \n\t\n\n\n\n<a class=\"bde-container-link-137-106-1-137-1 bde-container-link bde-container-link-137-106 breakdance-link\" href=\"https:\/\/pocenigate.4futureagency.com\/en\/kako-podaljsati-zivljensko-dobo-spodnjega-perila\/\" target=\"_self\" data-type=\"url\">\n  \n\t\n\n\n\n<img decoding=\"async\" class=\"bde-image2-137-100-1-137-1 bde-image2 bde-image2-137-100\" src=\"https:\/\/pocenigate.4futureagency.com\/wp-content\/uploads\/2024\/11\/woman-choosing-program-washing-machine_11zon1-scaled.jpg\" loading=\"lazy\" srcset=\"https:\/\/pocenigate.4futureagency.com\/wp-content\/uploads\/2024\/11\/woman-choosing-program-washing-machine_11zon1-scaled.jpg 2560w, https:\/\/pocenigate.4futureagency.com\/wp-content\/uploads\/2024\/11\/woman-choosing-program-washing-machine_11zon1-300x200.jpg 300w, https:\/\/pocenigate.4futureagency.com\/wp-content\/uploads\/2024\/11\/woman-choosing-program-washing-machine_11zon1-1024x683.jpg 1024w, https:\/\/pocenigate.4futureagency.com\/wp-content\/uploads\/2024\/11\/woman-choosing-program-washing-machine_11zon1-768x512.jpg 768w, https:\/\/pocenigate.4futureagency.com\/wp-content\/uploads\/2024\/11\/woman-choosing-program-washing-machine_11zon1-1536x1025.jpg 1536w, https:\/\/pocenigate.4futureagency.com\/wp-content\/uploads\/2024\/11\/woman-choosing-program-washing-machine_11zon1-2048x1366.jpg 2048w, https:\/\/pocenigate.4futureagency.com\/wp-content\/uploads\/2024\/11\/woman-choosing-program-washing-machine_11zon1-18x12.jpg 18w, https:\/\/pocenigate.4futureagency.com\/wp-content\/uploads\/2024\/11\/woman-choosing-program-washing-machine_11zon1-600x400.jpg 600w, https:\/\/pocenigate.4futureagency.com\/wp-content\/uploads\/2024\/11\/woman-choosing-program-washing-machine_11zon1-64x43.jpg 64w\" sizes=\"(max-width: 2560px) 100vw, 2560px\"><\/img>\n\n<\/a><div class=\"bde-div-137-101-1-137-1 bde-div bde-div-137-101\">\n  \n\t\n\n\n\n<ul class=\"bde-post-meta-137-102-1-137-1 bde-post-meta bde-post-meta-137-102\">\n            <li class=\"ee-postmeta-date-wrap\">\n                                                        <span class=\"ee-postmeta-date\">20. 11. 24<\/span>\n                                <\/li>\n            \n<\/ul><h2 class=\"bde-heading-137-103-1-137-1 bde-heading bde-heading-137-103\">\nKako podalj\u0161ati \u017eivljenjsko dobo spodnjega perila?\n<\/h2><div class=\"bde-text-137-104-1-137-1 bde-text bde-text-137-104\">\nKakovostno spodnje perilo je investicija v udobje in dobro po\u010dutje, zato je pomembno, da zanj ustrez...\n<\/div><div class=\"bde-button-137-105-1-137-1 bde-button bde-button-137-105\">\n    \n                                    \n    \n    \n    \n    \n            \n                    \n            \n            \n\n    \n    \n    \n    \n    \n    <a class=\"breakdance-link button-atom button-atom--text bde-button__button\" href=\"https:\/\/pocenigate.4futureagency.com\/en\/kako-podaljsati-zivljensko-dobo-spodnjega-perila\/\" target=\"_self\" data-type=\"url\"  >\n\n    \n        <span class=\"button-atom__text\">Preberi ve\u010d<\/span>\n\n        \n                    \n    <span class=\"button-atom__icon-wrapper\">\n\n        \n            <svg class=\"un-arrow-icon\" width=\"10\" height=\"10\" viewbox=\"0 0 10 10\" aria-hidden=\"true\">\n                <g fill-rule=\"evenodd\">\n                    <path class=\"un-arrow-icon_arrow\" d=\"M1 1l4 4-4 4\"><\/path>\n                <\/g>\n            <\/svg>\n\n        \n    <\/span>\n\n\n        \n                <\/a>\n\n    \n\n\n<\/div>\n<\/div>\n<\/div>    <\/article>\n<\/div>\n\n<\/div><div class=\"bde-post-loop-1065-106 bde-post-loop\">\n<div class=\"ee-posts ee-posts-grid\">    <article class=\"ee-post\">\n            <\/article>\n    <article class=\"ee-post\">\n            <\/article>\n    <article class=\"ee-post\">\n            <\/article>\n<\/div>\n\n<\/div><\/div>\n<\/section>","protected":false},"excerpt":{"rendered":"<p>Blog 18. 12. 24 Mo\u0161ko spodnje perilo: boksarice ali slipi? Vsak mo\u0161ki ima svoje preference pri izbiri spodnjega perila, a pogosto se poraja vpra\u0161anje \u2013 bokseri&#8230; Preberi ve\u010d 18. 12. 24 Kako izbrati popolne spodnjice za vsak dan? Spodnje perilo je prvi kos obla\u010dila, ki ga nadenemo vsako jutro, zato mora biti udobno, zra\u010dno in [&hellip;]<\/p>","protected":false},"author":1,"featured_media":0,"parent":0,"menu_order":0,"comment_status":"closed","ping_status":"closed","template":"","meta":{"_breakdance_hide_in_design_set":false,"_breakdance_tags":"","footnotes":""},"class_list":["post-1065","page","type-page","status-publish","hentry"],"_links":{"self":[{"href":"https:\/\/pocenigate.4futureagency.com\/en\/wp-json\/wp\/v2\/pages\/1065","targetHints":{"allow":["GET"]}}],"collection":[{"href":"https:\/\/pocenigate.4futureagency.com\/en\/wp-json\/wp\/v2\/pages"}],"about":[{"href":"https:\/\/pocenigate.4futureagency.com\/en\/wp-json\/wp\/v2\/types\/page"}],"author":[{"embeddable":true,"href":"https:\/\/pocenigate.4futureagency.com\/en\/wp-json\/wp\/v2\/users\/1"}],"replies":[{"embeddable":true,"href":"https:\/\/pocenigate.4futureagency.com\/en\/wp-json\/wp\/v2\/comments?post=1065"}],"version-history":[{"count":5,"href":"https:\/\/pocenigate.4futureagency.com\/en\/wp-json\/wp\/v2\/pages\/1065\/revisions"}],"predecessor-version":[{"id":1095,"href":"https:\/\/pocenigate.4futureagency.com\/en\/wp-json\/wp\/v2\/pages\/1065\/revisions\/1095"}],"wp:attachment":[{"href":"https:\/\/pocenigate.4futureagency.com\/en\/wp-json\/wp\/v2\/media?parent=1065"}],"curies":[{"name":"wp","href":"https:\/\/api.w.org\/{rel}","templated":true}]}}