{"id":1033,"date":"2025-02-20T13:09:09","date_gmt":"2025-02-20T13:09:09","guid":{"rendered":"https:\/\/pocenigate.4futureagency.com\/?page_id=1033"},"modified":"2025-02-21T06:15:53","modified_gmt":"2025-02-21T06:15:53","slug":"kontakt","status":"publish","type":"page","link":"https:\/\/pocenigate.4futureagency.com\/en\/kontakt\/","title":{"rendered":"Kontakt"},"content":{"rendered":"<section class=\"bde-section-1033-113 bde-section\">\n  \n\t\n\n\n\n<div class=\"section-container\"><div class=\"bde-div-1033-114 bde-div\">\n  \n\t\n\n\n\n<h2 class=\"bde-heading-1033-115 bde-heading\">\nKontaktirajte nas\n<\/h2><div class=\"bde-rich-text-1033-116 bde-rich-text breakdance-rich-text-styles\">\n<p>Kontaktirajte nas preko spodnjega obrazca in v najkraj\u0161em mo\u017enem \u010dasu vam bomo odgovorili.<\/p>\n<\/div><div class=\"bde-form-builder-1033-117 bde-form-builder\">\n\n\n<form id=\"contact-form117\" class=\"breakdance-form breakdance-form--vertical\" data-options=\"{&quot;slug&quot;:&quot;custom&quot;,&quot;name&quot;:&quot;Contact Form&quot;,&quot;ajaxUrl&quot;:&quot;https:\\\/\\\/pocenigate.4futureagency.com\\\/wp-admin\\\/admin-ajax.php&quot;,&quot;clearOnSuccess&quot;:true,&quot;hideOnSuccess&quot;:false,&quot;successMessage&quot;:&quot;Sporo\\u010dilo je bilo uspe\\u0161no poslano!&quot;,&quot;errorMessage&quot;:&quot;Pri\\u0161lo je do napake.&quot;,&quot;redirect&quot;:false,&quot;redirectUrl&quot;:&quot;&quot;,&quot;customJavaScript&quot;:&quot;&quot;,&quot;recaptcha&quot;:{&quot;key&quot;:&quot;&quot;,&quot;enabled&quot;:true},&quot;honeypot_enabled&quot;:true,&quot;popupsOnSuccess&quot;:[],&quot;popupsOnError&quot;:[]}\" data-steps=\"0\" >\n  \n  \n  \n<div class=\"breakdance-form-field breakdance-form-field--text\" >\n    \n    \n            <label class=\"breakdance-form-field__label\" for=\"name\">\n            Kontaktna oseba<span class=\"breakdance-form-field__required\">*<\/span>\n        <\/label>\n    \n    <input\n    class=\"breakdance-form-field__input\"\n    id=\"name\"\n    aria-describedby=\"name\"\n    type=\"text\"\n    name=\"fields[name]\"\n    placeholder=\"\"\n    value=\"\"\n                \n        \n        \n    required\n>\n\n\n    \n    \n<\/div>\n\n\n<div class=\"breakdance-form-field breakdance-form-field--text\" >\n    \n    \n            <label class=\"breakdance-form-field__label\" for=\"podjetje\">\n            Podjetje\n        <\/label>\n    \n    <input\n    class=\"breakdance-form-field__input\"\n    id=\"podjetje\"\n    aria-describedby=\"podjetje\"\n    type=\"text\"\n    name=\"fields[podjetje]\"\n    placeholder=\"\"\n    value=\"\"\n                \n        \n        \n    \n    \n    \n>\n\n\n    \n    \n<\/div>\n\n\n<div class=\"breakdance-form-field breakdance-form-field--tel\" >\n    \n    \n            <label class=\"breakdance-form-field__label\" for=\"telefon\">\n            Telefon\n        <\/label>\n    \n    <input\n    class=\"breakdance-form-field__input\"\n    id=\"telefon\"\n    aria-describedby=\"telefon\"\n    type=\"tel\"\n    name=\"fields[telefon]\"\n    placeholder=\"\"\n    value=\"\"\n                \n        \n        \n    \n    \n    \n>\n\n\n    \n    \n<\/div>\n\n\n<div class=\"breakdance-form-field breakdance-form-field--email\" >\n    \n    \n            <label class=\"breakdance-form-field__label\" for=\"email\">\n            E-po\u0161ta<span class=\"breakdance-form-field__required\">*<\/span>\n        <\/label>\n    \n    <input\n    class=\"breakdance-form-field__input\"\n    id=\"email\"\n    aria-describedby=\"email\"\n    type=\"email\"\n    name=\"fields[email]\"\n    placeholder=\"\"\n    value=\"\"\n                \n        \n        \n    required\n>\n\n\n    \n    \n<\/div>\n\n\n<div class=\"breakdance-form-field breakdance-form-field--textarea\" >\n    \n    \n            <label class=\"breakdance-form-field__label\" for=\"message\">\n            Vpra\u0161anje<span class=\"breakdance-form-field__required\">*<\/span>\n        <\/label>\n    \n    <textarea\n    class=\"breakdance-form-field__input\"\n    id=\"message\"\n    aria-describedby=\"message\"\n    type=\"textarea\"\n    name=\"fields[message]\"\n        placeholder=\"\"\n    required\n>\n<\/textarea>\n\n\n    \n    \n<\/div>\n\n\n<div class=\"breakdance-form-field breakdance-form-field--checkbox\" >\n    \n    \n    \n    <fieldset role=\"group\"\n    aria-label=\"Strinjam se s pogoji pravilnika\"\n    >\n       <legend class=\"breakdance-form-field__label\">Strinjam se s pogoji pravilnika<span class=\"breakdance-form-field__required\">*<\/span><\/legend>\n          <div class=\"breakdance-form-checkbox\">\n          <input\n              type=\"checkbox\"\n              name=\"fields[GDPR]\"\n              value=\"&lt;span class=&quot;myText&quot;&gt;PoceniGATE varstvu va\u0161ih osebnih podatkov posve\u010da posebno pozornost in skrb. Podrobnej\u0161a pravila glede uporabe in obdelave va\u0161ih osebnih podatkov si lahko preberete v &lt;a style=&quot;color:#323232;text-decoration:underline&quot; href=&quot;\/pravilnik-o-zasebnosti\/&quot;&gt;Pravilnik o zasebnosti&lt;\/a&gt;&lt;\/span&gt;\"\n              id=\"GDPR-1\"\n              \n                        >\n          <label class=\"breakdance-form-checkbox__text\" for=\"GDPR-1\"><span class=\"myText\">PoceniGATE varstvu va\u0161ih osebnih podatkov posve\u010da posebno pozornost in skrb. Podrobnej\u0161a pravila glede uporabe in obdelave va\u0161ih osebnih podatkov si lahko preberete v <a style=\"color:#323232;text-decoration:underline\" href=\"\/en\/pravilnik-o-zasebnosti\/\">Pravilnik o zasebnosti<\/a><\/span><\/label>\n      <\/div>\n  <\/fieldset>\n\n\n\n    \n    \n<\/div>\n\n\n<div class=\"breakdance-form-field breakdance-form-field--hpinput\" >\n    \n    \n            <label class=\"breakdance-form-field__label\" for=\"hpname\">\n            HP Name\n        <\/label>\n    \n    <input\n    class=\"breakdance-form-field__input\"\n    id=\"hpname\"\n    aria-describedby=\"hpname\"\n    type=\"hpinput\"\n    name=\"fields[hpname]\"\n    placeholder=\"\"\n    value=\"\"\n                \n        \n        \n    \n    autocomplete=\"off\"\n    tabindex=\"-1\">\n\n\n    \n    \n<\/div>\n\n\n  \n\n<div class=\"breakdance-form-field breakdance-form-footer\">\n    \n    \n                                    \n    \n    \n    \n    \n            \n            <button type=\"submit\" class=\"button-atom button-atom--primary breakdance-form-button breakdance-form-button__submit\"  >\n    \n        <span class=\"button-atom__text\">Po\u0161lji<\/span>\n\n        \n        \n            <\/button>\n    \n    <input type=\"hidden\" name=\"form_id\" value=\"117\">\n    <input type=\"hidden\" name=\"post_id\" value=\"1033\">\n<\/div>\n\n  \n<input type=\"hidden\" name=\"trp-form-language\" value=\"en\"\/><\/form>\n\n\n\n<\/div>\n<\/div><div class=\"bde-div-1033-118 bde-div\">\n  \n\t\n\n\n\n<div class=\"bde-rich-text-1033-109 bde-rich-text breakdance-rich-text-styles\">\n<div class=\"col-lg-4\"><address>\n<div><address class=\"mb0\">\n<p><strong>DNP, DALIBOR DUJAKOVI\u0106 s.p.<\/strong><\/p>\n<div>Podgorje 13,<br \/>3000, Celje <br \/>Slovenija<\/div>\n<div>\u00a0<\/div>\n<div><span class=\"o_force_ltr\">040 691 470<\/span><\/div>\n<div>pocenigate@gmail.com<\/div>\n<\/address><\/div>\n<\/address><\/div>\n<\/div><div class=\"bde-google-map-1033-111 bde-google-map\">\n\r\n<iframe width=\"100%\" height=\"100%\" style=\"border:0\" loading=\"lazy\" title=\"Map\" src=\"https:\/\/maps.google.com\/maps?q=Podgorje+13%2C%3Cbr%3E3000%2C+Celje%3Cbr%3ESlovenija&t=m&z=14&output=embed&iwloc=near\" allowfullscreen><\/iframe>\n\n<\/div>\n<\/div><\/div>\n<\/section>","protected":false},"excerpt":{"rendered":"<p>Kontaktirajte nas Kontaktirajte nas preko spodnjega obrazca in v najkraj\u0161em mo\u017enem \u010dasu vam bomo odgovorili. Kontaktna oseba* Podjetje Telefon E-po\u0161ta* Vpra\u0161anje* Strinjam se s pogoji pravilnika* PoceniGATE varstvu va\u0161ih osebnih podatkov posve\u010da posebno pozornost in skrb. Podrobnej\u0161a pravila glede uporabe in obdelave va\u0161ih osebnih podatkov si lahko preberete v Pravilnik o zasebnosti HP Name Po\u0161lji [&hellip;]<\/p>","protected":false},"author":2,"featured_media":0,"parent":0,"menu_order":0,"comment_status":"closed","ping_status":"closed","template":"","meta":{"_breakdance_hide_in_design_set":false,"_breakdance_tags":"","footnotes":""},"class_list":["post-1033","page","type-page","status-publish","hentry"],"_links":{"self":[{"href":"https:\/\/pocenigate.4futureagency.com\/en\/wp-json\/wp\/v2\/pages\/1033","targetHints":{"allow":["GET"]}}],"collection":[{"href":"https:\/\/pocenigate.4futureagency.com\/en\/wp-json\/wp\/v2\/pages"}],"about":[{"href":"https:\/\/pocenigate.4futureagency.com\/en\/wp-json\/wp\/v2\/types\/page"}],"author":[{"embeddable":true,"href":"https:\/\/pocenigate.4futureagency.com\/en\/wp-json\/wp\/v2\/users\/2"}],"replies":[{"embeddable":true,"href":"https:\/\/pocenigate.4futureagency.com\/en\/wp-json\/wp\/v2\/comments?post=1033"}],"version-history":[{"count":8,"href":"https:\/\/pocenigate.4futureagency.com\/en\/wp-json\/wp\/v2\/pages\/1033\/revisions"}],"predecessor-version":[{"id":1115,"href":"https:\/\/pocenigate.4futureagency.com\/en\/wp-json\/wp\/v2\/pages\/1033\/revisions\/1115"}],"wp:attachment":[{"href":"https:\/\/pocenigate.4futureagency.com\/en\/wp-json\/wp\/v2\/media?parent=1033"}],"curies":[{"name":"wp","href":"https:\/\/api.w.org\/{rel}","templated":true}]}}