{"id":1027,"date":"2025-02-20T13:11:21","date_gmt":"2025-02-20T13:11:21","guid":{"rendered":"https:\/\/pocenigate.4futureagency.com\/?page_id=1027"},"modified":"2025-02-21T06:21:31","modified_gmt":"2025-02-21T06:21:31","slug":"o-nas","status":"publish","type":"page","link":"https:\/\/pocenigate.4futureagency.com\/en\/o-nas\/","title":{"rendered":"O nas"},"content":{"rendered":"<section class=\"bde-section-1027-100 bde-section\">\n  \n\t\n\n\n\n<div class=\"section-container\"><div class=\"bde-columns-1027-101 bde-columns\"><div class=\"bde-column-1027-102 bde-column\">\n  \n\t\n\n\n\n<h1 class=\"bde-heading-1027-104 bde-heading\">\nNas \u0161e ne poznate?\n<\/h1><div class=\"bde-rich-text-1027-105 bde-rich-text breakdance-rich-text-styles\">\n<p class=\"mb16\">DNP je manj\u0161e dru\u017einsko podjetje, ki se ukvarja s terensko prodajo spodnjega perila in se lahko pohvali z<b> ve\u010d kot dvajsetletno tradicijo<\/b>. Od skromnih za\u010detkov leta 2000 smo se do danes s trdim delom in mo\u010dno voljo uspeli razviti in raz\u0161iriti prodajna mesta po vsej Sloveniji, stremimo k rednem izpopolnjevanju znanja ter odnosov do strank kot tudi medosebno ter s tem gradimo na kvaliteti in dobrih odnosih na\u0161ega dru\u017einskega podjetja.<\/p>\n<p class=\"mb16\">V vseh teh letih smo na podro\u010dju terenske prodaje spodnjega perila uspeli postaviti trdne temelje na slovenskem trgu, kar\u00a0pomeni, da nas lahko najdete po <b>celotni Sloveniji<\/b>.\u00a0\u00a0Na\u0161a konkuren\u010dnost je <b>osebni <\/b>in <b>celostni pristop vsaki stranki<\/b>.<\/p>\n<p>\u00a0<\/p>\n<\/div><div class=\"bde-button-1027-107 bde-button\">\n    \n                                    \n    \n    \n    \n    \n            \n            <button type=\"button\" class=\"button-atom button-atom--primary bde-button__button\"  >\n    \n        <span class=\"button-atom__text\">Kontakt<\/span>\n\n        \n        \n            <\/button>\n    \n\n\n<\/div>\n<\/div><div class=\"bde-column-1027-103 bde-column\">\n  \n\t\n\n\n\n<img decoding=\"async\" class=\"bde-image2-1027-106 bde-image2\" src=\"https:\/\/pocenigate.4futureagency.com\/wp-content\/uploads\/2025\/02\/Slika-2.png\" loading=\"lazy\" srcset=\"https:\/\/pocenigate.4futureagency.com\/wp-content\/uploads\/2025\/02\/Slika-2.png 437w, https:\/\/pocenigate.4futureagency.com\/wp-content\/uploads\/2025\/02\/Slika-2-262x300.png 262w, https:\/\/pocenigate.4futureagency.com\/wp-content\/uploads\/2025\/02\/Slika-2-10x12.png 10w, https:\/\/pocenigate.4futureagency.com\/wp-content\/uploads\/2025\/02\/Slika-2-64x73.png 64w\" sizes=\"(max-width: 437px) 100vw, 437px\"><\/img>\n<\/div><\/div><\/div>\n<\/section><section class=\"bde-section-1027-131 bde-section\">\n  \n\t\n\n\n\n<div class=\"section-container\"><div class=\"bde-columns-1027-116 bde-columns\"><div class=\"bde-column-1027-117 bde-column\">\n  \n\t\n\n\n\n<img decoding=\"async\" class=\"bde-image2-1027-119 bde-image2\" src=\"https:\/\/pocenigate.4futureagency.com\/wp-content\/uploads\/2024\/12\/ddfd9b95c931d511ecc232878773aedd._resized.webp\" loading=\"lazy\" srcset=\"https:\/\/pocenigate.4futureagency.com\/wp-content\/uploads\/2024\/12\/ddfd9b95c931d511ecc232878773aedd._resized.webp 1920w, https:\/\/pocenigate.4futureagency.com\/wp-content\/uploads\/2024\/12\/ddfd9b95c931d511ecc232878773aedd._resized-300x200.webp 300w, https:\/\/pocenigate.4futureagency.com\/wp-content\/uploads\/2024\/12\/ddfd9b95c931d511ecc232878773aedd._resized-1024x683.webp 1024w, https:\/\/pocenigate.4futureagency.com\/wp-content\/uploads\/2024\/12\/ddfd9b95c931d511ecc232878773aedd._resized-768x512.webp 768w, https:\/\/pocenigate.4futureagency.com\/wp-content\/uploads\/2024\/12\/ddfd9b95c931d511ecc232878773aedd._resized-1536x1024.webp 1536w, https:\/\/pocenigate.4futureagency.com\/wp-content\/uploads\/2024\/12\/ddfd9b95c931d511ecc232878773aedd._resized-18x12.webp 18w, https:\/\/pocenigate.4futureagency.com\/wp-content\/uploads\/2024\/12\/ddfd9b95c931d511ecc232878773aedd._resized-600x400.webp 600w, https:\/\/pocenigate.4futureagency.com\/wp-content\/uploads\/2024\/12\/ddfd9b95c931d511ecc232878773aedd._resized-64x43.webp 64w\" sizes=\"(max-width: 1920px) 100vw, 1920px\"><\/img>\n<\/div><div class=\"bde-column-1027-118 bde-column\">\n  \n\t\n\n\n\n<h1 class=\"bde-heading-1027-120 bde-heading\">\nS \u010dim se ukvarjamo\n<\/h1><div class=\"bde-rich-text-1027-121 bde-rich-text breakdance-rich-text-styles\">\n<p class=\"mb16\">V DNP se oziramo na modne trende. <b>Modni trendi nam dajejo navdih<\/b> pri izbiri na\u0161e ponudbe blaga. Na izbiro ponudbe <b>vplivajo tudi na\u0161e izku\u0161nje<\/b>, ki smo jih pridobili v 20. letih dela z tekstilom in spodnjim perilom.<\/p>\n<p class=\"mb16\">DNP vam nudi naslednje <b>\u017eensko<\/b> in <b>mo\u0161ko <\/b>perilo: Spodnje hla\u010de, spodnje majice, boksarice, spodnje hla\u010de slip, spodnje hla\u010de likra, \u017eenski \u0161portni nedr\u010dki, dekli\u0161ki \u0161portni nedr\u010dki, fantovske boksarice, dekli\u0161ke boksarice, rob\u010dki itd...<\/p>\n<div class=\"s_btn text-left pt16 pb16\">\u00a0<\/div>\n<\/div><div class=\"bde-button-1027-122 bde-button\">\n    \n                                    \n    \n    \n    \n    \n            \n            <button type=\"button\" class=\"button-atom button-atom--primary bde-button__button\"  >\n    \n        <span class=\"button-atom__text\">E-trgovina<\/span>\n\n        \n        \n            <\/button>\n    \n\n\n<\/div>\n<\/div><\/div><\/div>\n<\/section><section class=\"bde-section-1027-108 bde-section\">\n  \n\t\n\n\n\n<div class=\"section-container\"><div class=\"bde-columns-1027-110 bde-columns\"><div class=\"bde-column-1027-112 bde-column\">\n  \n\t\n\n\n\n<div class=\"bde-icon-1027-115 bde-icon\">\n\n    \n            <div class=\"bde-icon-icon breakdance-icon-atom\" >\n    \n                    <svg width=\"24px\" height=\"24px\" viewbox=\"0 0 24 24\" version=\"1.1\" xmlns=\"http:\/\/www.w3.org\/2000\/svg\" xmlns:xlink=\"http:\/\/www.w3.org\/1999\/xlink\">\r\n    <!-- Generator: Sketch 43.2 (39069) - http:\/\/www.bohemiancoding.com\/sketch -->\r\n    <title>box-open<\/title>\r\n    <desc>Created with Sketch.<\/desc>\r\n    <defs\/>\r\n    <g id=\"Page-1\" stroke=\"none\" stroke-width=\"1\" fill=\"none\" fill-rule=\"evenodd\">\r\n        <g id=\"Artboard-4\" transform=\"translate(-840.000000, -291.000000)\">\r\n            <g id=\"99\" transform=\"translate(840.000000, 291.000000)\">\r\n                <rect id=\"Rectangle-45\" stroke=\"#333333\" stroke-width=\"2\" stroke-linecap=\"round\" stroke-linejoin=\"round\" x=\"4\" y=\"7\" width=\"16\" height=\"14\"\/>\r\n                <path d=\"M10,17.5 L11,17 C11,17 11.7721018,16.5 12,16.5 C12.5,16.5 13,17 13,17 L14,16 L14,16.5 L14,20 L10,20 L10,17.5 Z\" id=\"Rectangle-46\" fill=\"#333333\" opacity=\"0.349999994\"\/>\r\n                <path d=\"M5,7 L11,4\" id=\"Path-22\" stroke=\"#333333\" stroke-width=\"2\" stroke-linecap=\"round\" stroke-linejoin=\"round\"\/>\r\n                <path d=\"M14,7 L19,3\" id=\"Path-22\" stroke=\"#333333\" stroke-width=\"2\" stroke-linecap=\"round\" stroke-linejoin=\"round\" transform=\"translate(16.500000, 5.000000) scale(-1, 1) translate(-16.500000, -5.000000) \"\/>\r\n            <\/g>\r\n        <\/g>\r\n    <\/g>\r\n<\/svg>\n        \n        \n        \n            <\/div>\n    \n\n\n<\/div><div class=\"bde-rich-text-1027-126 bde-rich-text breakdance-rich-text-styles\">\n<h4>Brezpla\u010dna po\u0161tnina<\/h4>\n<\/div>\n<\/div><div class=\"bde-column-1027-113 bde-column\">\n  \n\t\n\n\n\n<div class=\"bde-icon-1027-125 bde-icon\">\n\n    \n            <div class=\"bde-icon-icon breakdance-icon-atom\" >\n    \n                    <svg width=\"24px\" height=\"24px\" viewbox=\"0 0 24 24\" version=\"1.1\" xmlns=\"http:\/\/www.w3.org\/2000\/svg\" xmlns:xlink=\"http:\/\/www.w3.org\/1999\/xlink\">\r\n    <!-- Generator: Sketch 43.2 (39069) - http:\/\/www.bohemiancoding.com\/sketch -->\r\n    <title>piggy-bank<\/title>\r\n    <desc>Created with Sketch.<\/desc>\r\n    <defs\/>\r\n    <g id=\"Page-1\" stroke=\"none\" stroke-width=\"1\" fill=\"none\" fill-rule=\"evenodd\">\r\n        <g id=\"Artboard-4\" transform=\"translate(-488.000000, -775.000000)\">\r\n            <g id=\"311\" transform=\"translate(488.000000, 775.000000)\">\r\n                <path d=\"M10,18 L8.89410734,20.5804162 C8.6779601,21.0847598 8.08828831,21.3235521 7.5804162,21.1058927 L5.9195838,20.3941073 C5.41524023,20.1779601 5.1416599,19.5750203 5.31640625,19.0507812 L5.68359375,17.9492188 C5.86095428,17.4171371 6,16.5 5.59159748,15.9902274 C4.59012035,14.7401725 4,13.1840239 4,11.5 C4,7.35786438 7.581722,4 12,4 C12.694035,4 13.3653951,4.08215734 14.0042485,4.23677429 M18.3769217,7.00999439 C18.8497679,7.60959483 19.2303855,8.27910278 19.5,9 M19.5,14 C19.2513988,14.7122766 18.9774125,15.4052454 18.5,16 C18,16.5 18.1390457,17.4171371 18.3164062,17.9492188 L18.6835938,19.0507812 C18.8583401,19.5750203 18.5847598,20.1779601 18.0804162,20.3941073 L16.4195838,21.1058927 C15.9117117,21.3235521 15.3220399,21.0847598 15.1058927,20.5804162 L14,18\" id=\"Oval-166\" stroke=\"#333333\" stroke-width=\"2\"\/>\r\n                <circle id=\"Oval-167\" fill=\"#333333\" cx=\"16\" cy=\"9\" r=\"1\"\/>\r\n                <path d=\"M8.98893545,18.4506198 C9.91836622,18.8048544 10.9348745,19 12,19 L12,19 C13.0664552,19 14.0841717,18.8043669 15.0145449,18.4492924\" id=\"Path\" stroke=\"#333333\" stroke-width=\"2\" stroke-linecap=\"round\"\/>\r\n                <path d=\"M19.5,9 L20.5,9 C21.3284271,9 22,9.67432225 22,10.5001649 L22,12.4998351 C22,13.3283533 21.3342028,14 20.5,14 L19.5,14\" id=\"Rectangle-216\" stroke=\"#333333\" stroke-width=\"2\" stroke-linecap=\"round\"\/>\r\n                <path d=\"M10.9889297,7.10227837 C9.02062679,7.50648122 7.47425299,9.0673877 7.09140992,11.0433962\" id=\"Oval-168\" stroke=\"#333333\" stroke-width=\"2\" stroke-linecap=\"round\"\/>\r\n                <path d=\"M18.3800049,7 C17.5,6 17,5 18,3 C15.5,2 14,4.23999023 14,4.23999023\" id=\"Path-240\" stroke=\"#333333\" stroke-width=\"2\" stroke-linecap=\"round\" stroke-linejoin=\"round\"\/>\r\n                <path d=\"M5,7.5 C4.5,7 3,6.5 2,7 C1,7.5 1,9 2,9.5 C3,10 4,9.5 4,8 C4,6.5 2.5,5.5 1,5\" id=\"Path-241\" stroke=\"#333333\" stroke-width=\"2\" stroke-linecap=\"round\"\/>\r\n            <\/g>\r\n        <\/g>\r\n    <\/g>\r\n<\/svg>\n        \n        \n        \n            <\/div>\n    \n\n\n<\/div><div class=\"bde-rich-text-1027-130 bde-rich-text breakdance-rich-text-styles\">\n<h4>Ugodne cene<\/h4>\n<\/div>\n<\/div><div class=\"bde-column-1027-114 bde-column\">\n  \n\t\n\n\n\n<div class=\"bde-icon-1027-127 bde-icon\">\n\n    \n            <div class=\"bde-icon-icon breakdance-icon-atom\" >\n    \n                    <svg width=\"24px\" height=\"24px\" viewbox=\"0 0 24 24\" version=\"1.1\" xmlns=\"http:\/\/www.w3.org\/2000\/svg\" xmlns:xlink=\"http:\/\/www.w3.org\/1999\/xlink\">\r\n    <!-- Generator: Sketch 43.2 (39069) - http:\/\/www.bohemiancoding.com\/sketch -->\r\n    <title>heart-tick<\/title>\r\n    <desc>Created with Sketch.<\/desc>\r\n    <defs\/>\r\n    <g id=\"Page-1\" stroke=\"none\" stroke-width=\"1\" fill=\"none\" fill-rule=\"evenodd\" stroke-linejoin=\"round\">\r\n        <g id=\"Artboard-4\" transform=\"translate(-224.000000, -907.000000)\" stroke=\"#333333\" stroke-width=\"2\">\r\n            <g id=\"365\" transform=\"translate(224.000000, 907.000000)\">\r\n                <path d=\"M12.0174466,21 L20.9041801,11.3556763 C22.6291961,9.13778099 22.2795957,5.90145416 20.1233257,4.12713796 C17.9670557,2.35282175 14.8206518,2.71241362 13.0956358,4.93030888 L12.0174465,6.5 L10.9043642,4.93030888 C9.17934824,2.71241362 6.0329443,2.35282175 3.87667432,4.12713796 C1.72040435,5.90145416 1.37080391,9.13778099 3.09581989,11.3556763 L12.0174466,21 Z\" id=\"Path-2\" fill-rule=\"nonzero\"\/>\r\n                <polyline id=\"Path-281\" stroke-linecap=\"round\" points=\"17 8 12 13 9.5 10.5\"\/>\r\n            <\/g>\r\n        <\/g>\r\n    <\/g>\r\n<\/svg>\n        \n        \n        \n            <\/div>\n    \n\n\n<\/div><div class=\"bde-rich-text-1027-124 bde-rich-text breakdance-rich-text-styles\">\n<h4>Tradicija<\/h4>\n<\/div>\n<\/div><div class=\"bde-column-1027-111 bde-column\">\n  \n\t\n\n\n\n<div class=\"bde-icon-1027-128 bde-icon\">\n\n    \n            <div class=\"bde-icon-icon breakdance-icon-atom\" >\n    \n                    <svg width=\"24px\" height=\"24px\" viewbox=\"0 0 24 24\" version=\"1.1\" xmlns=\"http:\/\/www.w3.org\/2000\/svg\" xmlns:xlink=\"http:\/\/www.w3.org\/1999\/xlink\">\r\n    <!-- Generator: Sketch 43.2 (39069) - http:\/\/www.bohemiancoding.com\/sketch -->\r\n    <title>users<\/title>\r\n    <desc>Created with Sketch.<\/desc>\r\n    <defs\/>\r\n    <g id=\"Page-1\" stroke=\"none\" stroke-width=\"1\" fill=\"none\" fill-rule=\"evenodd\">\r\n        <g id=\"Artboard-4\" transform=\"translate(-92.000000, -863.000000)\">\r\n            <g id=\"342\" transform=\"translate(92.000000, 863.000000)\">\r\n                <path d=\"M7,21 C7,21 7,17 11,17 C15,17 14.9937515,17 19,17 C23.0062485,17 23.0062485,21 23.0062485,21\" id=\"Path-41\" stroke=\"#333333\" stroke-width=\"2\" stroke-linecap=\"round\" stroke-linejoin=\"round\"\/>\r\n                <path d=\"M8.27455269,11.9477557 C5.85692935,11.5963698 4,9.51503944 4,7 C4,4.23857625 6.23857625,2 9,2 C10.373942,2 11.6184509,2.55416948 12.5221996,3.45118158 C11.8469348,3.70680858 11.2215328,4.06387931 10.664592,4.50379553 C10.1883045,4.18555118 9.61582114,4 9,4 C7.34314575,4 6,5.34314575 6,7 C6,8.3069749 6.83577432,9.41874424 8.00202365,9.83000873 C8.00067709,9.88650926 8,9.94317556 8,10 C8,10.6759052 8.09579644,11.329436 8.27455269,11.9477557 Z M8.67363116,13 L5,13 C2.85717375,13 1.39436214,13.9752077 0.605572809,15.5527864 C0.148670182,16.4665917 -7.10542736e-14,17.3586127 -7.10542736e-14,18 C-7.10542736e-14,18.5522847 0.44771525,19 1,19 C1.55228475,19 2,18.5522847 2,18 C2,17.9269061 2.01176795,17.7621548 2.04889392,17.539399 C2.11167338,17.1627222 2.22417415,16.7877197 2.39442719,16.4472136 C2.85563786,15.5247923 3.64282625,15 5,15 L10.1010173,15 C9.51513298,14.4258795 9.02972955,13.7496048 8.67363116,13 Z\" id=\"Combined-Shape\" fill=\"#333333\" fill-rule=\"nonzero\"\/>\r\n                <circle id=\"Oval-40\" stroke=\"#333333\" stroke-width=\"2\" cx=\"15\" cy=\"10\" r=\"4\"\/>\r\n            <\/g>\r\n        <\/g>\r\n    <\/g>\r\n<\/svg>\n        \n        \n        \n            <\/div>\n    \n\n\n<\/div><div class=\"bde-rich-text-1027-129 bde-rich-text breakdance-rich-text-styles\">\n<h4>Dru\u017einsko podjetje<\/h4>\n<\/div>\n<\/div><\/div><\/div>\n<\/section>","protected":false},"excerpt":{"rendered":"<p>Nas \u0161e ne poznate? DNP je manj\u0161e dru\u017einsko podjetje, ki se ukvarja s terensko prodajo spodnjega perila in se lahko pohvali z ve\u010d kot dvajsetletno tradicijo. Od skromnih za\u010detkov leta 2000 smo se do danes s trdim delom in mo\u010dno voljo uspeli razviti in raz\u0161iriti prodajna mesta po vsej Sloveniji, stremimo k rednem izpopolnjevanju znanja [&hellip;]<\/p>","protected":false},"author":2,"featured_media":0,"parent":0,"menu_order":0,"comment_status":"closed","ping_status":"closed","template":"","meta":{"_breakdance_hide_in_design_set":false,"_breakdance_tags":"","footnotes":""},"class_list":["post-1027","page","type-page","status-publish","hentry"],"_links":{"self":[{"href":"https:\/\/pocenigate.4futureagency.com\/en\/wp-json\/wp\/v2\/pages\/1027","targetHints":{"allow":["GET"]}}],"collection":[{"href":"https:\/\/pocenigate.4futureagency.com\/en\/wp-json\/wp\/v2\/pages"}],"about":[{"href":"https:\/\/pocenigate.4futureagency.com\/en\/wp-json\/wp\/v2\/types\/page"}],"author":[{"embeddable":true,"href":"https:\/\/pocenigate.4futureagency.com\/en\/wp-json\/wp\/v2\/users\/2"}],"replies":[{"embeddable":true,"href":"https:\/\/pocenigate.4futureagency.com\/en\/wp-json\/wp\/v2\/comments?post=1027"}],"version-history":[{"count":9,"href":"https:\/\/pocenigate.4futureagency.com\/en\/wp-json\/wp\/v2\/pages\/1027\/revisions"}],"predecessor-version":[{"id":1118,"href":"https:\/\/pocenigate.4futureagency.com\/en\/wp-json\/wp\/v2\/pages\/1027\/revisions\/1118"}],"wp:attachment":[{"href":"https:\/\/pocenigate.4futureagency.com\/en\/wp-json\/wp\/v2\/media?parent=1027"}],"curies":[{"name":"wp","href":"https:\/\/api.w.org\/{rel}","templated":true}]}}